{"id":2270,"date":"2019-11-14T14:46:54","date_gmt":"2019-11-14T12:46:54","guid":{"rendered":"https:\/\/www.synko.de\/references\/"},"modified":"2022-02-01T12:30:54","modified_gmt":"2022-02-01T10:30:54","slug":"references","status":"publish","type":"page","link":"https:\/\/www.synko.de\/en\/synko-gmbh\/references\/","title":{"rendered":"References"},"content":{"rendered":"<p><div class=\"fusion-fullwidth fullwidth-box fusion-builder-row-1 nonhundred-percent-fullwidth non-hundred-percent-height-scrolling\" style=\"--awb-border-radius-top-left:0px;--awb-border-radius-top-right:0px;--awb-border-radius-bottom-right:0px;--awb-border-radius-bottom-left:0px;--awb-flex-wrap:wrap;\" ><div class=\"fusion-builder-row fusion-row\"><div class=\"fusion-layout-column fusion_builder_column fusion-builder-column-0 fusion_builder_column_1_1 1_1 fusion-one-full fusion-column-first fusion-column-last\" style=\"--awb-bg-size:cover;\"><div class=\"fusion-column-wrapper fusion-column-has-shadow fusion-flex-column-wrapper-legacy\"><div class=\"fusion-text fusion-text-1\"><h1>\nSatisfied customers: More precious than any marketing<\/h1>\n<\/div><div class=\"fusion-text fusion-text-2\"><p>Since our foundation in 2004, we have managed numerous customer projects. Each project represents an individual challenge: Get an impression of how our customers and we managed them together. Find out more about our experience and best practices in selected reference projects and get an idea of our capabilities. Take a look at our customer installations in real operation at our customers&#8217; premises and let us convince you of the successes of our customers.<\/p>\n<p>See for yourself! Get in contact with us.<\/p>\n<p>We look forward to your message.<\/p>\n<\/div><div class=\"fusion-clearfix\"><\/div><\/div><\/div><\/div><\/div><div class=\"fusion-fullwidth fullwidth-box fusion-builder-row-2 nonhundred-percent-fullwidth non-hundred-percent-height-scrolling\" style=\"--awb-border-radius-top-left:0px;--awb-border-radius-top-right:0px;--awb-border-radius-bottom-right:0px;--awb-border-radius-bottom-left:0px;--awb-flex-wrap:wrap;\" ><div class=\"fusion-builder-row fusion-row\"><div class=\"fusion-layout-column fusion_builder_column fusion-builder-column-1 fusion_builder_column_1_5 1_5 fusion-one-fifth fusion-column-first\" style=\"--awb-bg-size:cover;width:20%;width:calc(20% - ( ( 4% ) * 0.2 ) );margin-right: 4%;\"><div class=\"fusion-column-wrapper fusion-column-has-shadow fusion-flex-column-wrapper-legacy\"><div class=\"fusion-image-element in-legacy-container\" style=\"--awb-caption-title-font-family:var(--h2_typography-font-family);--awb-caption-title-font-weight:var(--h2_typography-font-weight);--awb-caption-title-font-style:var(--h2_typography-font-style);--awb-caption-title-size:var(--h2_typography-font-size);--awb-caption-title-transform:var(--h2_typography-text-transform);--awb-caption-title-line-height:var(--h2_typography-line-height);--awb-caption-title-letter-spacing:var(--h2_typography-letter-spacing);\"><span class=\" fusion-imageframe imageframe-none imageframe-1 hover-type-none\"><img decoding=\"async\" width=\"300\" height=\"169\" title=\"B\u00fcrklin Mr Lauberbach reference of synko GmbH\" src=\"https:\/\/www.synko.de\/wp-0e004-content\/uploads\/Konrad-Lauberbach.jpg\" data-orig-src=\"https:\/\/www.synko.de\/wp-0e004-content\/uploads\/\/Konrad-Lauberbach-300x169.jpg\" alt class=\"lazyload img-responsive wp-image-2876\" srcset=\"data:image\/svg+xml,%3Csvg%20xmlns%3D%27http%3A%2F%2Fwww.w3.org%2F2000%2Fsvg%27%20width%3D%27960%27%20height%3D%27540%27%20viewBox%3D%270%200%20960%20540%27%3E%3Crect%20width%3D%27960%27%20height%3D%27540%27%20fill-opacity%3D%220%22%2F%3E%3C%2Fsvg%3E\" data-srcset=\"https:\/\/www.synko.de\/wp-0e004-content\/uploads\/Konrad-Lauberbach-200x113.jpg 200w, https:\/\/www.synko.de\/wp-0e004-content\/uploads\/Konrad-Lauberbach-400x225.jpg 400w, https:\/\/www.synko.de\/wp-0e004-content\/uploads\/Konrad-Lauberbach-600x338.jpg 600w, https:\/\/www.synko.de\/wp-0e004-content\/uploads\/Konrad-Lauberbach-800x450.jpg 800w, https:\/\/www.synko.de\/wp-0e004-content\/uploads\/Konrad-Lauberbach.jpg 960w\" data-sizes=\"auto\" data-orig-sizes=\"(max-width: 1000px) 100vw, 200px\" \/><\/span><\/div><div class=\"fusion-clearfix\"><\/div><\/div><\/div><div class=\"fusion-layout-column fusion_builder_column fusion-builder-column-2 fusion_builder_column_4_5 4_5 fusion-four-fifth fusion-column-last\" style=\"--awb-bg-size:cover;width:80%;width:calc(80% - ( ( 4% ) * 0.8 ) );\"><div class=\"fusion-column-wrapper fusion-column-has-shadow fusion-flex-column-wrapper-legacy\"><div class=\"fusion-text fusion-text-3\"><blockquote>\n<p>&#8220;The service philosophy of synko to get engaged with the customer and its commitment was just astonishing. We achieved significant improvements in the process flow by introducing the new software: Less storage space, faster order commissioning, more ergonomic processes \u2013 all resulting in significant time and cost savings.\u201c<br \/>\n<strong>Konrad Lauberbach, <\/strong>Manager Logistics and Strategy, B\u00fcrklin Elektronik \u00a0 \u00a0 \u00a0 \u00a0\u00a0 <a href=\"https:\/\/www.synko.de\/en\/update-with-microsoft-dynamics-365-business-central-at-elektronik-distributor-buerklin\/\" target=\"_blank\" rel=\"noopener\">Reference report<\/a><\/p>\n<\/blockquote>\n<\/div><div class=\"fusion-clearfix\"><\/div><\/div><\/div><\/div><\/div><div class=\"fusion-fullwidth fullwidth-box fusion-builder-row-3 nonhundred-percent-fullwidth non-hundred-percent-height-scrolling\" style=\"--awb-border-radius-top-left:0px;--awb-border-radius-top-right:0px;--awb-border-radius-bottom-right:0px;--awb-border-radius-bottom-left:0px;--awb-flex-wrap:wrap;\" ><div class=\"fusion-builder-row fusion-row\"><div class=\"fusion-layout-column fusion_builder_column fusion-builder-column-3 fusion_builder_column_1_5 1_5 fusion-one-fifth fusion-column-first\" style=\"--awb-bg-size:cover;width:20%;width:calc(20% - ( ( 4% ) * 0.2 ) );margin-right: 4%;\"><div class=\"fusion-column-wrapper fusion-column-has-shadow fusion-flex-column-wrapper-legacy\"><div class=\"fusion-image-element in-legacy-container\" style=\"--awb-caption-title-font-family:var(--h2_typography-font-family);--awb-caption-title-font-weight:var(--h2_typography-font-weight);--awb-caption-title-font-style:var(--h2_typography-font-style);--awb-caption-title-size:var(--h2_typography-font-size);--awb-caption-title-transform:var(--h2_typography-text-transform);--awb-caption-title-line-height:var(--h2_typography-line-height);--awb-caption-title-letter-spacing:var(--h2_typography-letter-spacing);\"><span class=\" fusion-imageframe imageframe-none imageframe-2 hover-type-none\"><img decoding=\"async\" width=\"300\" height=\"167\" title=\"synko reference customer: B\u00fcrklin Elektronik Rene Wolfgang Wenk\" src=\"https:\/\/www.synko.de\/wp-0e004-content\/uploads\/Rene-Wolfgang-Wenk-1.jpg\" data-orig-src=\"https:\/\/www.synko.de\/wp-0e004-content\/uploads\/\/Rene-Wolfgang-Wenk-1-300x167.jpg\" alt class=\"lazyload img-responsive wp-image-3896\" srcset=\"data:image\/svg+xml,%3Csvg%20xmlns%3D%27http%3A%2F%2Fwww.w3.org%2F2000%2Fsvg%27%20width%3D%27481%27%20height%3D%27268%27%20viewBox%3D%270%200%20481%20268%27%3E%3Crect%20width%3D%27481%27%20height%3D%27268%27%20fill-opacity%3D%220%22%2F%3E%3C%2Fsvg%3E\" data-srcset=\"https:\/\/www.synko.de\/wp-0e004-content\/uploads\/Rene-Wolfgang-Wenk-1-200x111.jpg 200w, https:\/\/www.synko.de\/wp-0e004-content\/uploads\/Rene-Wolfgang-Wenk-1-400x223.jpg 400w, https:\/\/www.synko.de\/wp-0e004-content\/uploads\/Rene-Wolfgang-Wenk-1.jpg 481w\" data-sizes=\"auto\" data-orig-sizes=\"(max-width: 1000px) 100vw, 200px\" \/><\/span><\/div><div class=\"fusion-clearfix\"><\/div><\/div><\/div><div class=\"fusion-layout-column fusion_builder_column fusion-builder-column-4 fusion_builder_column_4_5 4_5 fusion-four-fifth fusion-column-last\" style=\"--awb-bg-size:cover;width:80%;width:calc(80% - ( ( 4% ) * 0.8 ) );\"><div class=\"fusion-column-wrapper fusion-column-has-shadow fusion-flex-column-wrapper-legacy\"><div class=\"fusion-text fusion-text-4\"><blockquote>\n<p>&#8220;The synko team implemented new software in logistics at B\u00fcrklin Elektronik. How has the application performed? Ren\u00e9 Wenk from B\u00fcrklin Elektronik reviews 1 1\/2 years later in an <a href=\"https:\/\/youtu.be\/QTXEsLBg0OU\" target=\"_blank\" rel=\"noopener\">Video: Neue Software bew\u00e4hrt sich<\/a>.\u201c<\/p>\n<p><strong>Ren\u00e9 Wolfgang Wenk, <\/strong>Manager Logistics B\u00fcrklin Elektronik<\/p>\n<\/blockquote>\n<\/div><div class=\"fusion-clearfix\"><\/div><\/div><\/div><\/div><\/div><div class=\"fusion-fullwidth fullwidth-box fusion-builder-row-4 nonhundred-percent-fullwidth non-hundred-percent-height-scrolling\" style=\"--awb-border-radius-top-left:0px;--awb-border-radius-top-right:0px;--awb-border-radius-bottom-right:0px;--awb-border-radius-bottom-left:0px;--awb-flex-wrap:wrap;\" ><div class=\"fusion-builder-row fusion-row\"><div class=\"fusion-layout-column fusion_builder_column fusion-builder-column-5 fusion_builder_column_1_5 1_5 fusion-one-fifth fusion-column-first\" style=\"--awb-bg-size:cover;width:20%;width:calc(20% - ( ( 4% ) * 0.2 ) );margin-right: 4%;\"><div class=\"fusion-column-wrapper fusion-column-has-shadow fusion-flex-column-wrapper-legacy\"><div class=\"fusion-image-element in-legacy-container\" style=\"--awb-caption-title-font-family:var(--h2_typography-font-family);--awb-caption-title-font-weight:var(--h2_typography-font-weight);--awb-caption-title-font-style:var(--h2_typography-font-style);--awb-caption-title-size:var(--h2_typography-font-size);--awb-caption-title-transform:var(--h2_typography-text-transform);--awb-caption-title-line-height:var(--h2_typography-line-height);--awb-caption-title-letter-spacing:var(--h2_typography-letter-spacing);\"><span class=\" fusion-imageframe imageframe-none imageframe-3 hover-type-none\"><img decoding=\"async\" width=\"300\" height=\"237\" title=\"Reference of synko GmbH: Mona H\u00e4u\u00dfermann CEO LT-Net Europe GmbH\" src=\"https:\/\/www.synko.de\/wp-0e004-content\/uploads\/Mona-Haeussermann-CEO-LT-Net-Europe-GmbH-1.jpg\" data-orig-src=\"https:\/\/www.synko.de\/wp-0e004-content\/uploads\/\/Mona-Haeussermann-CEO-LT-Net-Europe-GmbH-1-300x237.jpg\" alt class=\"lazyload img-responsive wp-image-3620\" srcset=\"data:image\/svg+xml,%3Csvg%20xmlns%3D%27http%3A%2F%2Fwww.w3.org%2F2000%2Fsvg%27%20width%3D%27588%27%20height%3D%27465%27%20viewBox%3D%270%200%20588%20465%27%3E%3Crect%20width%3D%27588%27%20height%3D%27465%27%20fill-opacity%3D%220%22%2F%3E%3C%2Fsvg%3E\" data-srcset=\"https:\/\/www.synko.de\/wp-0e004-content\/uploads\/Mona-Haeussermann-CEO-LT-Net-Europe-GmbH-1-200x158.jpg 200w, https:\/\/www.synko.de\/wp-0e004-content\/uploads\/Mona-Haeussermann-CEO-LT-Net-Europe-GmbH-1-400x316.jpg 400w, https:\/\/www.synko.de\/wp-0e004-content\/uploads\/Mona-Haeussermann-CEO-LT-Net-Europe-GmbH-1.jpg 588w\" data-sizes=\"auto\" data-orig-sizes=\"(max-width: 1000px) 100vw, 200px\" \/><\/span><\/div><div class=\"fusion-clearfix\"><\/div><\/div><\/div><div class=\"fusion-layout-column fusion_builder_column fusion-builder-column-6 fusion_builder_column_4_5 4_5 fusion-four-fifth fusion-column-last\" style=\"--awb-bg-size:cover;width:80%;width:calc(80% - ( ( 4% ) * 0.8 ) );\"><div class=\"fusion-column-wrapper fusion-column-has-shadow fusion-flex-column-wrapper-legacy\"><div class=\"fusion-text fusion-text-5\"><blockquote>\n<p>&#8220;A mobile solution is based on the seamless integration of all components used. Starting with easy-to-use clients, through smooth communication with the access points\/network, to communication with Microsoft Dynamics 365 Business Central (formerly Microsoft Dynamics NAV or Navision).\u201c<br \/>\n<strong>Mona H\u00e4u\u00dfermann, <\/strong>CEO LT-Net Europe GmbH \u00a0\u00a0 \u00a0\u00a0 \u00a0\u00a0 <a href=\"https:\/\/www.synko.de\/en\/update-to-microsoft-dynamics-365-business-central-at-lt-net-europe-gmbh\/\" target=\"_blank\" rel=\"noopener\">Reference report<\/a><strong><br \/>\n<\/strong><\/p>\n<\/blockquote>\n<\/div><div class=\"fusion-clearfix\"><\/div><\/div><\/div><\/div><\/div><div class=\"fusion-fullwidth fullwidth-box fusion-builder-row-5 nonhundred-percent-fullwidth non-hundred-percent-height-scrolling\" style=\"--awb-border-radius-top-left:0px;--awb-border-radius-top-right:0px;--awb-border-radius-bottom-right:0px;--awb-border-radius-bottom-left:0px;--awb-flex-wrap:wrap;\" ><div class=\"fusion-builder-row fusion-row\"><div class=\"fusion-layout-column fusion_builder_column fusion-builder-column-7 fusion_builder_column_1_5 1_5 fusion-one-fifth fusion-column-first\" style=\"--awb-bg-size:cover;width:20%;width:calc(20% - ( ( 4% ) * 0.2 ) );margin-right: 4%;\"><div class=\"fusion-column-wrapper fusion-column-has-shadow fusion-flex-column-wrapper-legacy\"><div class=\"fusion-image-element in-legacy-container\" style=\"--awb-caption-title-font-family:var(--h2_typography-font-family);--awb-caption-title-font-weight:var(--h2_typography-font-weight);--awb-caption-title-font-style:var(--h2_typography-font-style);--awb-caption-title-size:var(--h2_typography-font-size);--awb-caption-title-transform:var(--h2_typography-text-transform);--awb-caption-title-line-height:var(--h2_typography-line-height);--awb-caption-title-letter-spacing:var(--h2_typography-letter-spacing);\"><span class=\" fusion-imageframe imageframe-none imageframe-4 hover-type-none\"><img decoding=\"async\" width=\"300\" height=\"200\" title=\"Reference of synko GmbH: wittig ELECTRONICS Michael Wittig\" src=\"https:\/\/www.synko.de\/wp-0e004-content\/uploads\/Michael-Wittig.jpg\" data-orig-src=\"https:\/\/www.synko.de\/wp-0e004-content\/uploads\/\/Michael-Wittig-300x200.jpg\" alt class=\"lazyload img-responsive wp-image-1888\" srcset=\"data:image\/svg+xml,%3Csvg%20xmlns%3D%27http%3A%2F%2Fwww.w3.org%2F2000%2Fsvg%27%20width%3D%271498%27%20height%3D%271000%27%20viewBox%3D%270%200%201498%201000%27%3E%3Crect%20width%3D%271498%27%20height%3D%271000%27%20fill-opacity%3D%220%22%2F%3E%3C%2Fsvg%3E\" data-srcset=\"https:\/\/www.synko.de\/wp-0e004-content\/uploads\/Michael-Wittig-200x134.jpg 200w, https:\/\/www.synko.de\/wp-0e004-content\/uploads\/Michael-Wittig-400x267.jpg 400w, https:\/\/www.synko.de\/wp-0e004-content\/uploads\/Michael-Wittig-600x401.jpg 600w, https:\/\/www.synko.de\/wp-0e004-content\/uploads\/Michael-Wittig-800x534.jpg 800w, https:\/\/www.synko.de\/wp-0e004-content\/uploads\/Michael-Wittig-1200x801.jpg 1200w, https:\/\/www.synko.de\/wp-0e004-content\/uploads\/Michael-Wittig.jpg 1498w\" data-sizes=\"auto\" data-orig-sizes=\"(max-width: 1000px) 100vw, 200px\" \/><\/span><\/div><div class=\"fusion-clearfix\"><\/div><\/div><\/div><div class=\"fusion-layout-column fusion_builder_column fusion-builder-column-8 fusion_builder_column_4_5 4_5 fusion-four-fifth fusion-column-last\" style=\"--awb-bg-size:cover;width:80%;width:calc(80% - ( ( 4% ) * 0.8 ) );\"><div class=\"fusion-column-wrapper fusion-column-has-shadow fusion-flex-column-wrapper-legacy\"><div class=\"fusion-text fusion-text-6\"><blockquote>\n<p>&#8220;The industry solution synko Components, based on Microsoft Dynamics, optimized the warehouse stocks and increased the efficiency of our workflows. Our customers have only noticed positive effects from the change to the new IT. In addition, we achieved significant improvements in quality management by recording complaints in detail. Complaints due to incorrect deliveries fell to less than 0.01.\u201c<br \/>\n<strong>Michael Wittig CEO<\/strong>, wittig ELECTRONIC GmbH<\/p>\n<\/blockquote>\n<\/div><div class=\"fusion-clearfix\"><\/div><\/div><\/div><\/div><\/div><div class=\"fusion-fullwidth fullwidth-box fusion-builder-row-6 nonhundred-percent-fullwidth non-hundred-percent-height-scrolling\" style=\"--awb-border-radius-top-left:0px;--awb-border-radius-top-right:0px;--awb-border-radius-bottom-right:0px;--awb-border-radius-bottom-left:0px;--awb-flex-wrap:wrap;\" ><div class=\"fusion-builder-row fusion-row\"><div class=\"fusion-layout-column fusion_builder_column fusion-builder-column-9 fusion_builder_column_1_5 1_5 fusion-one-fifth fusion-column-first\" style=\"--awb-bg-size:cover;width:20%;width:calc(20% - ( ( 4% ) * 0.2 ) );margin-right: 4%;\"><div class=\"fusion-column-wrapper fusion-column-has-shadow fusion-flex-column-wrapper-legacy\"><div class=\"fusion-image-element in-legacy-container\" style=\"--awb-caption-title-font-family:var(--h2_typography-font-family);--awb-caption-title-font-weight:var(--h2_typography-font-weight);--awb-caption-title-font-style:var(--h2_typography-font-style);--awb-caption-title-size:var(--h2_typography-font-size);--awb-caption-title-transform:var(--h2_typography-text-transform);--awb-caption-title-line-height:var(--h2_typography-line-height);--awb-caption-title-letter-spacing:var(--h2_typography-letter-spacing);\"><span class=\" fusion-imageframe imageframe-none imageframe-5 hover-type-none\"><img decoding=\"async\" width=\"300\" height=\"169\" title=\"Reference of synko GmbH: Rimec GmbH\" src=\"https:\/\/www.synko.de\/wp-0e004-content\/uploads\/rimec.jpg\" data-orig-src=\"https:\/\/www.synko.de\/wp-0e004-content\/uploads\/\/rimec-300x169.jpg\" alt class=\"lazyload img-responsive wp-image-2050\" srcset=\"data:image\/svg+xml,%3Csvg%20xmlns%3D%27http%3A%2F%2Fwww.w3.org%2F2000%2Fsvg%27%20width%3D%27940%27%20height%3D%27529%27%20viewBox%3D%270%200%20940%20529%27%3E%3Crect%20width%3D%27940%27%20height%3D%27529%27%20fill-opacity%3D%220%22%2F%3E%3C%2Fsvg%3E\" data-srcset=\"https:\/\/www.synko.de\/wp-0e004-content\/uploads\/rimec-200x113.jpg 200w, https:\/\/www.synko.de\/wp-0e004-content\/uploads\/rimec-400x225.jpg 400w, https:\/\/www.synko.de\/wp-0e004-content\/uploads\/rimec-600x338.jpg 600w, https:\/\/www.synko.de\/wp-0e004-content\/uploads\/rimec-800x450.jpg 800w, https:\/\/www.synko.de\/wp-0e004-content\/uploads\/rimec.jpg 940w\" data-sizes=\"auto\" data-orig-sizes=\"(max-width: 1000px) 100vw, 300px\" \/><\/span><\/div><div class=\"fusion-clearfix\"><\/div><\/div><\/div><div class=\"fusion-layout-column fusion_builder_column fusion-builder-column-10 fusion_builder_column_4_5 4_5 fusion-four-fifth fusion-column-last\" style=\"--awb-bg-size:cover;width:80%;width:calc(80% - ( ( 4% ) * 0.8 ) );\"><div class=\"fusion-column-wrapper fusion-column-has-shadow fusion-flex-column-wrapper-legacy\"><div class=\"fusion-text fusion-text-7\"><blockquote>\n<p>&#8220;The investment has already amortized after two years.&#8221;<br \/>\n<strong>Rita Pinkowski <\/strong>CEO, Rimec GmbH<\/p>\n<\/blockquote>\n<\/div><div class=\"fusion-clearfix\"><\/div><\/div><\/div><\/div><\/div><div class=\"fusion-fullwidth fullwidth-box fusion-builder-row-7 nonhundred-percent-fullwidth non-hundred-percent-height-scrolling\" style=\"--awb-border-radius-top-left:0px;--awb-border-radius-top-right:0px;--awb-border-radius-bottom-right:0px;--awb-border-radius-bottom-left:0px;--awb-flex-wrap:wrap;\" ><div class=\"fusion-builder-row fusion-row\"><div class=\"fusion-layout-column fusion_builder_column fusion-builder-column-11 fusion_builder_column_1_1 1_1 fusion-one-full fusion-column-first fusion-column-last\" style=\"--awb-bg-size:cover;\"><div class=\"fusion-column-wrapper fusion-column-has-shadow fusion-flex-column-wrapper-legacy\"><div class=\"fusion-text fusion-text-8\"><p><a href=\"https:\/\/www.synko.de\/en\/contact\/\"><img decoding=\"async\" class=\"lazyload size-full wp-image-1662 alignleft\" src=\"data:image\/svg+xml,%3Csvg%20xmlns%3D%27http%3A%2F%2Fwww.w3.org%2F2000%2Fsvg%27%20width%3D%2740%27%20height%3D%2741%27%20viewBox%3D%270%200%2040%2041%27%3E%3Crect%20width%3D%2740%27%20height%3D%2741%27%20fill-opacity%3D%220%22%2F%3E%3C%2Fsvg%3E\" data-orig-src=\"https:\/\/www.synko.de\/wp-0e004-content\/uploads\/information-rot-120-e1571295425666.png\" alt=\"\" width=\"40\" height=\"41\" \/><\/a><a href=\"https:\/\/www.synko.de\/en\/contact\/\">Weitere Informationen zur synko GmbH anfordern.<\/a><\/p>\n<\/div><div class=\"fusion-clearfix\"><\/div><\/div><\/div><\/div><\/div><\/p>\n","protected":false},"excerpt":{"rendered":"","protected":false},"author":3,"featured_media":0,"parent":2552,"menu_order":6,"comment_status":"closed","ping_status":"closed","template":"","meta":{"footnotes":""},"class_list":["post-2270","page","type-page","status-publish","hentry"],"yoast_head":"<!-- This site is optimized with the Yoast SEO Premium plugin v26.3 (Yoast SEO v26.3) - https:\/\/yoast.com\/wordpress\/plugins\/seo\/ -->\n<title>References - synko GmbH<\/title>\n<meta name=\"robots\" content=\"index, follow, max-snippet:-1, max-image-preview:large, max-video-preview:-1\" \/>\n<link rel=\"canonical\" href=\"https:\/\/www.synko.de\/en\/synko-gmbh\/references\/\" \/>\n<meta property=\"og:locale\" content=\"en_US\" \/>\n<meta property=\"og:type\" content=\"article\" \/>\n<meta property=\"og:title\" content=\"References\" \/>\n<meta property=\"og:url\" content=\"https:\/\/www.synko.de\/en\/synko-gmbh\/references\/\" \/>\n<meta property=\"og:site_name\" content=\"synko GmbH\" \/>\n<meta property=\"article:publisher\" content=\"https:\/\/www.facebook.com\/synkoitloesungen\/\" \/>\n<meta property=\"article:modified_time\" content=\"2022-02-01T10:30:54+00:00\" \/>\n<meta property=\"og:image\" content=\"https:\/\/www.synko.de\/wp-0e004-content\/uploads\/information-rot-120-e1571295425666.png\" \/>\n<meta name=\"twitter:card\" content=\"summary_large_image\" \/>\n<meta name=\"twitter:label1\" content=\"Est. reading time\" \/>\n\t<meta name=\"twitter:data1\" content=\"23 minutes\" \/>\n<script type=\"application\/ld+json\" class=\"yoast-schema-graph\">{\"@context\":\"https:\/\/schema.org\",\"@graph\":[{\"@type\":\"WebPage\",\"@id\":\"https:\/\/www.synko.de\/en\/synko-gmbh\/references\/\",\"url\":\"https:\/\/www.synko.de\/en\/synko-gmbh\/references\/\",\"name\":\"References - synko GmbH\",\"isPartOf\":{\"@id\":\"https:\/\/www.synko.de\/en\/#website\"},\"primaryImageOfPage\":{\"@id\":\"https:\/\/www.synko.de\/en\/synko-gmbh\/references\/#primaryimage\"},\"image\":{\"@id\":\"https:\/\/www.synko.de\/en\/synko-gmbh\/references\/#primaryimage\"},\"thumbnailUrl\":\"https:\/\/www.synko.de\/wp-0e004-content\/uploads\/information-rot-120-e1571295425666.png\",\"datePublished\":\"2019-11-14T12:46:54+00:00\",\"dateModified\":\"2022-02-01T10:30:54+00:00\",\"breadcrumb\":{\"@id\":\"https:\/\/www.synko.de\/en\/synko-gmbh\/references\/#breadcrumb\"},\"inLanguage\":\"en-US\",\"potentialAction\":[{\"@type\":\"ReadAction\",\"target\":[\"https:\/\/www.synko.de\/en\/synko-gmbh\/references\/\"]}]},{\"@type\":\"ImageObject\",\"inLanguage\":\"en-US\",\"@id\":\"https:\/\/www.synko.de\/en\/synko-gmbh\/references\/#primaryimage\",\"url\":\"https:\/\/www.synko.de\/wp-0e004-content\/uploads\/information-rot-120-e1571295425666.png\",\"contentUrl\":\"https:\/\/www.synko.de\/wp-0e004-content\/uploads\/information-rot-120-e1571295425666.png\"},{\"@type\":\"BreadcrumbList\",\"@id\":\"https:\/\/www.synko.de\/en\/synko-gmbh\/references\/#breadcrumb\",\"itemListElement\":[{\"@type\":\"ListItem\",\"position\":1,\"name\":\"Startseite\",\"item\":\"https:\/\/www.synko.de\/en\/\"},{\"@type\":\"ListItem\",\"position\":2,\"name\":\"References\"}]},{\"@type\":\"WebSite\",\"@id\":\"https:\/\/www.synko.de\/en\/#website\",\"url\":\"https:\/\/www.synko.de\/en\/\",\"name\":\"synko GmbH\",\"description\":\"People. Processes. Solutions.\",\"potentialAction\":[{\"@type\":\"SearchAction\",\"target\":{\"@type\":\"EntryPoint\",\"urlTemplate\":\"https:\/\/www.synko.de\/en\/?s={search_term_string}\"},\"query-input\":{\"@type\":\"PropertyValueSpecification\",\"valueRequired\":true,\"valueName\":\"search_term_string\"}}],\"inLanguage\":\"en-US\"}]}<\/script>\n<!-- \/ Yoast SEO Premium plugin. -->","yoast_head_json":{"title":"References - synko GmbH","robots":{"index":"index","follow":"follow","max-snippet":"max-snippet:-1","max-image-preview":"max-image-preview:large","max-video-preview":"max-video-preview:-1"},"canonical":"https:\/\/www.synko.de\/en\/synko-gmbh\/references\/","og_locale":"en_US","og_type":"article","og_title":"References","og_url":"https:\/\/www.synko.de\/en\/synko-gmbh\/references\/","og_site_name":"synko GmbH","article_publisher":"https:\/\/www.facebook.com\/synkoitloesungen\/","article_modified_time":"2022-02-01T10:30:54+00:00","og_image":[{"url":"https:\/\/www.synko.de\/wp-0e004-content\/uploads\/information-rot-120-e1571295425666.png","type":"","width":"","height":""}],"twitter_card":"summary_large_image","twitter_misc":{"Est. reading time":"23 minutes"},"schema":{"@context":"https:\/\/schema.org","@graph":[{"@type":"WebPage","@id":"https:\/\/www.synko.de\/en\/synko-gmbh\/references\/","url":"https:\/\/www.synko.de\/en\/synko-gmbh\/references\/","name":"References - synko GmbH","isPartOf":{"@id":"https:\/\/www.synko.de\/en\/#website"},"primaryImageOfPage":{"@id":"https:\/\/www.synko.de\/en\/synko-gmbh\/references\/#primaryimage"},"image":{"@id":"https:\/\/www.synko.de\/en\/synko-gmbh\/references\/#primaryimage"},"thumbnailUrl":"https:\/\/www.synko.de\/wp-0e004-content\/uploads\/information-rot-120-e1571295425666.png","datePublished":"2019-11-14T12:46:54+00:00","dateModified":"2022-02-01T10:30:54+00:00","breadcrumb":{"@id":"https:\/\/www.synko.de\/en\/synko-gmbh\/references\/#breadcrumb"},"inLanguage":"en-US","potentialAction":[{"@type":"ReadAction","target":["https:\/\/www.synko.de\/en\/synko-gmbh\/references\/"]}]},{"@type":"ImageObject","inLanguage":"en-US","@id":"https:\/\/www.synko.de\/en\/synko-gmbh\/references\/#primaryimage","url":"https:\/\/www.synko.de\/wp-0e004-content\/uploads\/information-rot-120-e1571295425666.png","contentUrl":"https:\/\/www.synko.de\/wp-0e004-content\/uploads\/information-rot-120-e1571295425666.png"},{"@type":"BreadcrumbList","@id":"https:\/\/www.synko.de\/en\/synko-gmbh\/references\/#breadcrumb","itemListElement":[{"@type":"ListItem","position":1,"name":"Startseite","item":"https:\/\/www.synko.de\/en\/"},{"@type":"ListItem","position":2,"name":"References"}]},{"@type":"WebSite","@id":"https:\/\/www.synko.de\/en\/#website","url":"https:\/\/www.synko.de\/en\/","name":"synko GmbH","description":"People. Processes. Solutions.","potentialAction":[{"@type":"SearchAction","target":{"@type":"EntryPoint","urlTemplate":"https:\/\/www.synko.de\/en\/?s={search_term_string}"},"query-input":{"@type":"PropertyValueSpecification","valueRequired":true,"valueName":"search_term_string"}}],"inLanguage":"en-US"}]}},"_links":{"self":[{"href":"https:\/\/www.synko.de\/en\/wp-json\/wp\/v2\/pages\/2270","targetHints":{"allow":["GET"]}}],"collection":[{"href":"https:\/\/www.synko.de\/en\/wp-json\/wp\/v2\/pages"}],"about":[{"href":"https:\/\/www.synko.de\/en\/wp-json\/wp\/v2\/types\/page"}],"author":[{"embeddable":true,"href":"https:\/\/www.synko.de\/en\/wp-json\/wp\/v2\/users\/3"}],"replies":[{"embeddable":true,"href":"https:\/\/www.synko.de\/en\/wp-json\/wp\/v2\/comments?post=2270"}],"version-history":[{"count":26,"href":"https:\/\/www.synko.de\/en\/wp-json\/wp\/v2\/pages\/2270\/revisions"}],"predecessor-version":[{"id":3997,"href":"https:\/\/www.synko.de\/en\/wp-json\/wp\/v2\/pages\/2270\/revisions\/3997"}],"up":[{"embeddable":true,"href":"https:\/\/www.synko.de\/en\/wp-json\/wp\/v2\/pages\/2552"}],"wp:attachment":[{"href":"https:\/\/www.synko.de\/en\/wp-json\/wp\/v2\/media?parent=2270"}],"curies":[{"name":"wp","href":"https:\/\/api.w.org\/{rel}","templated":true}]}}